{"id":1018,"date":"2026-02-10T11:32:04","date_gmt":"2026-02-10T10:32:04","guid":{"rendered":"https:\/\/jardindefoi.fr\/?page_id=1018"},"modified":"2026-04-25T11:45:09","modified_gmt":"2026-04-25T10:45:09","slug":"home","status":"publish","type":"page","link":"https:\/\/jardindefoi.fr\/","title":{"rendered":"PROLOGUE"},"content":{"rendered":"\n<p><\/p>\n\n\n\n<p><\/p>\n\n\n\n<p><\/p>\n\n\n\n<p class=\"has-text-color has-link-color has-medium-font-size wp-elements-39d0e4d50b6de143a5f65f5aea655492\" style=\"color:#2c5fa8\"><em><strong>Ces travaux d\u2019\u00e9criture, \u00e0 connotation spirituelle, devaient, \u00e0 l\u2019origine, \u00eatre diffus\u00e9s par un \u00e9diteur, de mani\u00e8re conventionnelle, sous forme de recueils,<\/strong><\/em><\/p>\n\n\n\n<p class=\"has-text-color has-link-color has-medium-font-size wp-elements-3db74be3b68b1c96441ce8a5b91660b3\" style=\"color:#2c5fa8\"><em><strong>\u00a0&#8211; certains textes ayant d\u00e9j\u00e0 fait l\u2019objet de parutions, \u00e0 titre gracieux -, aujourd\u2019hui, il m\u2019a sembl\u00e9 pr\u00e9f\u00e9rable d\u2019orienter cette d\u00e9marche par la mise en place d\u2019un site internet.<\/strong><\/em><\/p>\n\n\n\n<p><\/p>\n\n\n\n<p><\/p>\n\n\n\n<p class=\"has-medium-font-size\"><em>Cet acc\u00e8s souple, en effet, m\u2019a paru convenir \u00e0 ce t\u00e9moignage de Foi -libre et \u0153cum\u00e9nique-, anim\u00e9 par un sentiment bienveillant et fraternel.<\/em><\/p>\n\n\n\n<p><\/p>\n\n\n\n<p class=\"has-medium-font-size\">&nbsp;&nbsp;&nbsp;&nbsp;&nbsp;&nbsp;&nbsp;&nbsp;&nbsp;&nbsp;&nbsp;&nbsp;&nbsp;&nbsp;&nbsp;&nbsp;&nbsp;&nbsp;&nbsp;&nbsp;&nbsp; <em>Le site du <strong>\u00ab&nbsp;Jardin de Foi&nbsp;\u00bb,<\/strong> s\u2019offre \u00e0 tous &#8211; sans aucune contrepartie-, et propose un premier ensemble de textes, ouvrant la voie \u00e0 d\u2019autres \u00e9crits qui se pr\u00e9senteront \u00e0 vos futures lectures et r\u00e9flexions.<\/em><\/p>\n\n\n\n<p class=\"has-medium-font-size\"><em>Merci d\u2019avance de l\u2019accueil que vous voudrez bien lui r\u00e9server, et du suivi qui sera le v\u00f4tre. <\/em><\/p>\n\n\n\n<p><\/p>\n\n\n\n<p><\/p>\n\n\n\n<p class=\"has-text-color has-link-color has-medium-font-size wp-elements-044fbc8630cdc24b78a3078bc05a44a7\" style=\"color:#2c5fa8\"><strong><em>&nbsp;&nbsp;&nbsp;&nbsp; <\/em>Pour la Gloire de Dieu tout puissant, Cr\u00e9ateur de tout \u00eatre et de toutes choses&nbsp;&nbsp;&nbsp;&nbsp;&nbsp;&nbsp;&nbsp;&nbsp;&nbsp;&nbsp;&nbsp;&nbsp;&nbsp;&nbsp;&nbsp;&nbsp;&nbsp;&nbsp;&nbsp;&nbsp;&nbsp;&nbsp;&nbsp;<\/strong><\/p>\n\n\n\n<p class=\"has-text-color has-link-color has-medium-font-size wp-elements-cd4c463d8f1e58f562ca927d5bfa3ee5\" style=\"color:#2c5fa8\"><strong><em>&nbsp;&nbsp;&nbsp;&nbsp;&nbsp;&nbsp;&nbsp;&nbsp;&nbsp;&nbsp;&nbsp;&nbsp;&nbsp;&nbsp;&nbsp; &nbsp;&nbsp;&nbsp;&nbsp;&nbsp;&nbsp;&nbsp;&nbsp;<\/em>&nbsp;de Son Fils, J\u00e9sus-Christ, Notre Seigneur<\/strong><\/p>\n\n\n\n<p class=\"has-text-color has-link-color has-medium-font-size wp-elements-4cfb169c58da14a3e4103fc4f930c0f8\" style=\"color:#2c5fa8\"><strong>&nbsp;&nbsp;&nbsp;&nbsp;&nbsp;&nbsp; &nbsp;&nbsp;&nbsp;&nbsp;&nbsp;&nbsp;&nbsp;&nbsp;&nbsp;&nbsp;&nbsp;&nbsp;&nbsp;&nbsp;&nbsp;&nbsp;&nbsp;&nbsp;&nbsp;&nbsp;&nbsp;&nbsp;&nbsp;&nbsp;&nbsp;&nbsp;de l\u2019Esprit qui habite en nos c\u0153urs<\/strong><\/p>\n\n\n\n<p><\/p>\n\n\n\n<p><\/p>\n\n\n\n<p class=\"has-medium-font-size\">\u00c0 tous les chr\u00e9tiens, mais aussi aux femmes et hommes d\u2019autres cultures, d\u2019autres croyances, d\u2019autres religions\u2026<\/p>\n\n\n\n<p class=\"has-medium-font-size\">Avec humilit\u00e9, j\u2019envoie ces \u00e9crits, telles des bouteilles \u00e0 la mer, vous adressant \u00e0 ma fa\u00e7on des bou\u00e9es d\u2019esp\u00e9rance&nbsp;!<\/p>\n\n\n\n<p><\/p>\n\n\n\n<p><\/p>\n\n\n\n<p class=\"has-medium-font-size\"> Que leur contenu puisse apporter soutien, approche ou renforcement spirituel pour certains, \u00e0 d\u2019autres, consolation ou piste nouvelle, dans l\u2019oc\u00e9an de leurs interrogations personnelles, de leur d\u00e9sarroi, pouvant ainsi contribuer, en toute humilit\u00e9, \u00e0 l\u2019\u00e9mergence de nouvelles r\u00e9flexions voire engagements !<\/p>\n\n\n\n<p><\/p>\n\n\n\n<p><\/p>\n\n\n\n<p class=\"has-black-color has-text-color has-link-color has-medium-font-size wp-elements-15f6e3b7313acd695c74516da74ef9d5\">Pouvoir affronter le monde tel qu\u2019il est, y faire face avec d\u00e9termination, essayant d\u2019y trouver un sens <strong>&#8211; <\/strong><strong>Le Sens -, <\/strong>l\u00e0 o\u00f9 il ne semble pas y en avoir, cela reste pour tous un d\u00e9fi.\u00a0<\/p>\n\n\n\n<p><\/p>\n\n\n\n<p class=\"has-medium-font-size\">Chacun \u00e0 sa place peut donc apporter, dans le parcours de la vie humaine qui est le sien, les changements appropri\u00e9s \u00e0 ses approches des autres, du monde, en corrigeant ses certitudes, envers lui-m\u00eame et les autres.<\/p>\n\n\n\n<p><\/p>\n\n\n\n<p><\/p>\n\n\n\n<p class=\"has-text-color has-link-color has-medium-font-size wp-elements-9f9fac8253f0a60a670e8e8541180140\" style=\"color:#2c5fa8\">Faire grandir son espace int\u00e9rieur en s\u2019engageant sur un chemin spirituel* est la voie royale pour conduire au v\u00e9ritable \u00ab<strong>\u00a0JARDIN DE FOI\u00a0\u00bb<\/strong> parsem\u00e9 de fleurs et de fruits incomparables,                                             re\u00e7us ou \u00e0 recevoir <strong><em>PAR DIEU<\/em><\/strong>, esp\u00e9r\u00e9s et toujours honor\u00e9s, tel le paradis promis.<\/p>\n\n\n\n<p><\/p>\n\n\n\n<p><\/p>\n\n\n\n<p><em>*La m\u00e9ditation, si elle peut permettre une \u00e9volution int\u00e9ressante de l\u2019\u00eatre humain, \u00e0 partir de la connaissance de sa propre int\u00e9riorit\u00e9, et \u00e0 toutes les capacit\u00e9s qui en d\u00e9coulent, n\u2019est en mesure d\u2019offrir un v\u00e9ritable ancrage spirituel qu\u2019en se rattachant \u00e0 une dimension de foi.&nbsp;&nbsp;<\/em><\/p>\n\n\n\n<p><\/p>\n\n\n\n<p class=\"has-medium-font-size\">Chacun pourra alors rendre gr\u00e2ce \u00e0 Dieu pour lui avoir permis de changer son regard sur lui-m\u00eame, sur ses fr\u00e8res, sur le monde, ayant favoris\u00e9 son rapprochement vers LUI.<\/p>\n\n\n\n<p><\/p>\n\n\n\n<p class=\"has-large-font-size\">                    \u25c7\u25c7\u25c7\u25c7\u25c7\u25c7\u25c7\u25c7\u25c7\u25c7\u25c7\u25c7\u25c7\u25c7\u25c7\u25c7<\/p>\n\n\n\n<p><\/p>\n\n\n\n<p><\/p>\n\n\n\n<p><\/p>\n","protected":false},"excerpt":{"rendered":"<p>Ces travaux d\u2019\u00e9criture, \u00e0 connotation spirituelle, devaient, \u00e0 l\u2019origine, \u00eatre diffus\u00e9s par un \u00e9diteur, de mani\u00e8re conventionnelle, sous forme de recueils, \u00a0&#8211; certains textes ayant d\u00e9j\u00e0 fait l\u2019objet de parutions, \u00e0 titre gracieux -, aujourd\u2019hui, il m\u2019a sembl\u00e9 pr\u00e9f\u00e9rable d\u2019orienter cette d\u00e9marche par la mise en place d\u2019un site internet. Cet acc\u00e8s souple, en effet, m\u2019a paru convenir \u00e0 ce t\u00e9moignage de Foi -libre et \u0153cum\u00e9nique-, anim\u00e9 par un sentiment bienveillant et fraternel. &nbsp;&nbsp;&nbsp;&nbsp;&nbsp;&nbsp;&nbsp;&nbsp;&nbsp;&nbsp;&nbsp;&nbsp;&nbsp;&nbsp;&nbsp;&nbsp;&nbsp;&nbsp;&nbsp;&nbsp;&nbsp; Le site du \u00ab&nbsp;Jardin de Foi&nbsp;\u00bb, s\u2019offre \u00e0 tous &#8211; sans aucune contrepartie-, et propose un premier ensemble de textes, ouvrant la voie \u00e0 d\u2019autres \u00e9crits qui se pr\u00e9senteront \u00e0 vos futures lectures et r\u00e9flexions. Merci d\u2019avance de l\u2019accueil que vous voudrez bien lui r\u00e9server, et du suivi qui sera le v\u00f4tre. &nbsp;&nbsp;&nbsp;&nbsp; Pour la Gloire de Dieu tout puissant, Cr\u00e9ateur de tout \u00eatre et de toutes choses&nbsp;&nbsp;&nbsp;&nbsp;&nbsp;&nbsp;&nbsp;&nbsp;&nbsp;&nbsp;&nbsp;&nbsp;&nbsp;&nbsp;&nbsp;&nbsp;&nbsp;&nbsp;&nbsp;&nbsp;&nbsp;&nbsp;&nbsp; &nbsp;&nbsp;&nbsp;&nbsp;&nbsp;&nbsp;&nbsp;&nbsp;&nbsp;&nbsp;&nbsp;&nbsp;&nbsp;&nbsp;&nbsp; &nbsp;&nbsp;&nbsp;&nbsp;&nbsp;&nbsp;&nbsp;&nbsp;&nbsp;de Son Fils, J\u00e9sus-Christ, Notre Seigneur &nbsp;&nbsp;&nbsp;&nbsp;&nbsp;&nbsp; &nbsp;&nbsp;&nbsp;&nbsp;&nbsp;&nbsp;&nbsp;&nbsp;&nbsp;&nbsp;&nbsp;&nbsp;&nbsp;&nbsp;&nbsp;&nbsp;&nbsp;&nbsp;&nbsp;&nbsp;&nbsp;&nbsp;&nbsp;&nbsp;&nbsp;&nbsp;de l\u2019Esprit qui habite en nos c\u0153urs \u00c0 tous les chr\u00e9tiens, mais aussi aux femmes et hommes d\u2019autres cultures, d\u2019autres croyances, d\u2019autres religions\u2026 Avec humilit\u00e9, j\u2019envoie ces \u00e9crits, telles des bouteilles \u00e0 la mer, vous adressant \u00e0 ma fa\u00e7on des bou\u00e9es d\u2019esp\u00e9rance&nbsp;! Que leur contenu puisse apporter soutien, approche ou renforcement spirituel pour certains, \u00e0 d\u2019autres, consolation ou piste nouvelle, dans l\u2019oc\u00e9an de leurs interrogations personnelles, de leur d\u00e9sarroi, pouvant ainsi contribuer, en toute humilit\u00e9, \u00e0 l\u2019\u00e9mergence de nouvelles r\u00e9flexions voire engagements ! Pouvoir affronter le monde tel qu\u2019il est, y faire face avec d\u00e9termination, essayant d\u2019y trouver un sens &#8211; Le Sens -, l\u00e0 o\u00f9 il ne semble pas y en avoir, cela reste pour tous un d\u00e9fi.\u00a0 Chacun \u00e0 sa place peut donc apporter, dans le parcours de la vie humaine qui est le sien, les changements appropri\u00e9s \u00e0 ses approches des autres, du monde, en corrigeant ses certitudes, envers lui-m\u00eame et les autres. Faire grandir son espace int\u00e9rieur en s\u2019engageant sur un chemin spirituel* est la voie royale pour conduire au v\u00e9ritable \u00ab\u00a0JARDIN DE FOI\u00a0\u00bb parsem\u00e9 de fleurs et de fruits incomparables, re\u00e7us ou \u00e0 recevoir PAR DIEU, esp\u00e9r\u00e9s et toujours honor\u00e9s, tel le paradis promis. *La m\u00e9ditation, si elle peut permettre une \u00e9volution int\u00e9ressante de l\u2019\u00eatre humain, \u00e0 partir de la connaissance de sa propre int\u00e9riorit\u00e9, et \u00e0 toutes les capacit\u00e9s qui en d\u00e9coulent, n\u2019est en mesure d\u2019offrir un v\u00e9ritable ancrage spirituel qu\u2019en se rattachant \u00e0 une dimension de foi.&nbsp;&nbsp; Chacun pourra alors rendre gr\u00e2ce \u00e0 Dieu pour lui avoir permis de changer son regard sur lui-m\u00eame, sur ses fr\u00e8res, sur le monde, ayant favoris\u00e9 son rapprochement vers LUI. \u25c7\u25c7\u25c7\u25c7\u25c7\u25c7\u25c7\u25c7\u25c7\u25c7\u25c7\u25c7\u25c7\u25c7\u25c7\u25c7<\/p>\n","protected":false},"author":1,"featured_media":0,"parent":0,"menu_order":0,"comment_status":"closed","ping_status":"closed","template":"","meta":{"footnotes":""},"class_list":["post-1018","page","type-page","status-publish","hentry"],"_links":{"self":[{"href":"https:\/\/jardindefoi.fr\/index.php\/wp-json\/wp\/v2\/pages\/1018","targetHints":{"allow":["GET"]}}],"collection":[{"href":"https:\/\/jardindefoi.fr\/index.php\/wp-json\/wp\/v2\/pages"}],"about":[{"href":"https:\/\/jardindefoi.fr\/index.php\/wp-json\/wp\/v2\/types\/page"}],"author":[{"embeddable":true,"href":"https:\/\/jardindefoi.fr\/index.php\/wp-json\/wp\/v2\/users\/1"}],"replies":[{"embeddable":true,"href":"https:\/\/jardindefoi.fr\/index.php\/wp-json\/wp\/v2\/comments?post=1018"}],"version-history":[{"count":15,"href":"https:\/\/jardindefoi.fr\/index.php\/wp-json\/wp\/v2\/pages\/1018\/revisions"}],"predecessor-version":[{"id":2360,"href":"https:\/\/jardindefoi.fr\/index.php\/wp-json\/wp\/v2\/pages\/1018\/revisions\/2360"}],"wp:attachment":[{"href":"https:\/\/jardindefoi.fr\/index.php\/wp-json\/wp\/v2\/media?parent=1018"}],"curies":[{"name":"wp","href":"https:\/\/api.w.org\/{rel}","templated":true}]}}